{"id":981,"date":"2021-06-21T11:56:36","date_gmt":"2021-06-21T11:56:36","guid":{"rendered":"https:\/\/schrank.ch\/?page_id=981"},"modified":"2021-06-21T11:56:36","modified_gmt":"2021-06-21T11:56:36","slug":"scheidwand-mit-tablar","status":"publish","type":"page","link":"https:\/\/rmann.ch\/?page_id=981","title":{"rendered":"Scheidwand mit Tablar"},"content":{"rendered":"\n<figure class=\"wp-block-image size-large\"><img loading=\"lazy\" decoding=\"async\" width=\"1024\" height=\"683\" src=\"https:\/\/rmann.ch\/wp-content\/uploads\/2021\/06\/DSC_0590-Kopie-1.jpg\" alt=\"\" class=\"wp-image-605\" srcset=\"https:\/\/rmann.ch\/wp-content\/uploads\/2021\/06\/DSC_0590-Kopie-1.jpg 1024w, https:\/\/rmann.ch\/wp-content\/uploads\/2021\/06\/DSC_0590-Kopie-1-300x200.jpg 300w, https:\/\/rmann.ch\/wp-content\/uploads\/2021\/06\/DSC_0590-Kopie-1-768x512.jpg 768w, https:\/\/rmann.ch\/wp-content\/uploads\/2021\/06\/DSC_0590-Kopie-1-90x60.jpg 90w\" sizes=\"auto, (max-width: 1024px) 100vw, 1024px\" \/><\/figure>\n\n\n\n<p>Unterteilt das Element nochmals in 2 H\u00e4lften.<\/p>\n\n\n\n<p>Tablar auf 148 cm.<\/p>\n\n\n\n<p>Erh\u00e4ltlich f\u00fcr&nbsp;folgende Elemente:<\/p>\n\n\n\n<p>M \/ L \/ XL \/ XXL<\/p>\n","protected":false},"excerpt":{"rendered":"<p>Unterteilt das Element nochmals in 2 H\u00e4lften. Tablar auf 148 cm. Erh\u00e4ltlich f\u00fcr&nbsp;folgende Elemente: M \/ L \/ XL \/ XXL<\/p>\n","protected":false},"author":2,"featured_media":0,"parent":568,"menu_order":0,"comment_status":"closed","ping_status":"closed","template":"","meta":{"footnotes":""},"class_list":["post-981","page","type-page","status-publish","hentry","latest_post"],"jetpack_sharing_enabled":true,"_links":{"self":[{"href":"https:\/\/rmann.ch\/index.php?rest_route=\/wp\/v2\/pages\/981","targetHints":{"allow":["GET"]}}],"collection":[{"href":"https:\/\/rmann.ch\/index.php?rest_route=\/wp\/v2\/pages"}],"about":[{"href":"https:\/\/rmann.ch\/index.php?rest_route=\/wp\/v2\/types\/page"}],"author":[{"embeddable":true,"href":"https:\/\/rmann.ch\/index.php?rest_route=\/wp\/v2\/users\/2"}],"replies":[{"embeddable":true,"href":"https:\/\/rmann.ch\/index.php?rest_route=%2Fwp%2Fv2%2Fcomments&post=981"}],"version-history":[{"count":1,"href":"https:\/\/rmann.ch\/index.php?rest_route=\/wp\/v2\/pages\/981\/revisions"}],"predecessor-version":[{"id":982,"href":"https:\/\/rmann.ch\/index.php?rest_route=\/wp\/v2\/pages\/981\/revisions\/982"}],"up":[{"embeddable":true,"href":"https:\/\/rmann.ch\/index.php?rest_route=\/wp\/v2\/pages\/568"}],"wp:attachment":[{"href":"https:\/\/rmann.ch\/index.php?rest_route=%2Fwp%2Fv2%2Fmedia&parent=981"}],"curies":[{"name":"wp","href":"https:\/\/api.w.org\/{rel}","templated":true}]}}