{"id":953,"date":"2021-06-21T11:32:13","date_gmt":"2021-06-21T11:32:13","guid":{"rendered":"https:\/\/schrank.ch\/?page_id=953"},"modified":"2021-06-21T11:33:33","modified_gmt":"2021-06-21T11:33:33","slug":"ausziehknopf","status":"publish","type":"page","link":"https:\/\/rmann.ch\/?page_id=953","title":{"rendered":"Ausziehknopf"},"content":{"rendered":"\n<figure class=\"wp-block-gallery columns-3 is-cropped wp-block-gallery-1 is-layout-flex wp-block-gallery-is-layout-flex\"><ul class=\"blocks-gallery-grid\"><li class=\"blocks-gallery-item\"><figure><img loading=\"lazy\" decoding=\"async\" width=\"1024\" height=\"683\" src=\"https:\/\/rmann.ch\/wp-content\/uploads\/2021\/06\/Auszugknopf-Funktion-1_gif_thumbnail.jpeg\" alt=\"\" data-id=\"571\" data-full-url=\"https:\/\/rmann.ch\/wp-content\/uploads\/2021\/06\/Auszugknopf-Funktion-1_gif_thumbnail.jpeg\" data-link=\"https:\/\/rmann.ch\/?attachment_id=571\" class=\"wp-image-571\"\/><\/figure><\/li><li class=\"blocks-gallery-item\"><figure><img loading=\"lazy\" decoding=\"async\" width=\"768\" height=\"512\" src=\"https:\/\/rmann.ch\/wp-content\/uploads\/2021\/06\/2-6-768x512-1.jpg\" alt=\"\" data-id=\"956\" data-full-url=\"https:\/\/rmann.ch\/wp-content\/uploads\/2021\/06\/2-6-768x512-1.jpg\" data-link=\"https:\/\/rmann.ch\/?attachment_id=956\" class=\"wp-image-956\" srcset=\"https:\/\/rmann.ch\/wp-content\/uploads\/2021\/06\/2-6-768x512-1.jpg 768w, https:\/\/rmann.ch\/wp-content\/uploads\/2021\/06\/2-6-768x512-1-300x200.jpg 300w, https:\/\/rmann.ch\/wp-content\/uploads\/2021\/06\/2-6-768x512-1-90x60.jpg 90w\" sizes=\"auto, (max-width: 768px) 100vw, 768px\" \/><\/figure><\/li><li class=\"blocks-gallery-item\"><figure><img loading=\"lazy\" decoding=\"async\" width=\"768\" height=\"512\" src=\"https:\/\/rmann.ch\/wp-content\/uploads\/2021\/06\/3-6-768x512-1.jpg\" alt=\"\" data-id=\"955\" data-full-url=\"https:\/\/rmann.ch\/wp-content\/uploads\/2021\/06\/3-6-768x512-1.jpg\" data-link=\"https:\/\/rmann.ch\/?attachment_id=955\" class=\"wp-image-955\" srcset=\"https:\/\/rmann.ch\/wp-content\/uploads\/2021\/06\/3-6-768x512-1.jpg 768w, https:\/\/rmann.ch\/wp-content\/uploads\/2021\/06\/3-6-768x512-1-300x200.jpg 300w, https:\/\/rmann.ch\/wp-content\/uploads\/2021\/06\/3-6-768x512-1-90x60.jpg 90w\" sizes=\"auto, (max-width: 768px) 100vw, 768px\" \/><\/figure><\/li><li class=\"blocks-gallery-item\"><figure><img loading=\"lazy\" decoding=\"async\" width=\"768\" height=\"512\" src=\"https:\/\/rmann.ch\/wp-content\/uploads\/2021\/06\/4-1-768x512-1.jpg\" alt=\"\" data-id=\"954\" data-full-url=\"https:\/\/rmann.ch\/wp-content\/uploads\/2021\/06\/4-1-768x512-1.jpg\" data-link=\"https:\/\/rmann.ch\/?attachment_id=954\" class=\"wp-image-954\" srcset=\"https:\/\/rmann.ch\/wp-content\/uploads\/2021\/06\/4-1-768x512-1.jpg 768w, https:\/\/rmann.ch\/wp-content\/uploads\/2021\/06\/4-1-768x512-1-300x200.jpg 300w, https:\/\/rmann.ch\/wp-content\/uploads\/2021\/06\/4-1-768x512-1-90x60.jpg 90w\" sizes=\"auto, (max-width: 768px) 100vw, 768px\" \/><\/figure><\/li><li class=\"blocks-gallery-item\"><figure><img loading=\"lazy\" decoding=\"async\" width=\"1024\" height=\"683\" src=\"https:\/\/rmann.ch\/wp-content\/uploads\/2021\/06\/Auszugknopf-Funktion-1.gif\" alt=\"\" data-id=\"570\" data-full-url=\"https:\/\/rmann.ch\/wp-content\/uploads\/2021\/06\/Auszugknopf-Funktion-1.gif\" data-link=\"https:\/\/rmann.ch\/?attachment_id=570\" class=\"wp-image-570\"\/><figcaption class=\"blocks-gallery-item__caption\">Ausziehknopf<\/figcaption><\/figure><\/li><\/ul><\/figure>\n\n\n\n<p>Erh\u00e4ltlich f\u00fcr&nbsp;alle Elemente.<\/p>\n\n\n\n<p>Wird im Werk in das gew\u00fcnschte Tablar gebohrt.<\/p>\n","protected":false},"excerpt":{"rendered":"<p>Erh\u00e4ltlich f\u00fcr&nbsp;alle Elemente. Wird im Werk in das gew\u00fcnschte Tablar gebohrt.<\/p>\n","protected":false},"author":2,"featured_media":0,"parent":568,"menu_order":0,"comment_status":"closed","ping_status":"closed","template":"","meta":{"footnotes":""},"class_list":["post-953","page","type-page","status-publish","hentry","latest_post"],"jetpack_sharing_enabled":true,"_links":{"self":[{"href":"https:\/\/rmann.ch\/index.php?rest_route=\/wp\/v2\/pages\/953","targetHints":{"allow":["GET"]}}],"collection":[{"href":"https:\/\/rmann.ch\/index.php?rest_route=\/wp\/v2\/pages"}],"about":[{"href":"https:\/\/rmann.ch\/index.php?rest_route=\/wp\/v2\/types\/page"}],"author":[{"embeddable":true,"href":"https:\/\/rmann.ch\/index.php?rest_route=\/wp\/v2\/users\/2"}],"replies":[{"embeddable":true,"href":"https:\/\/rmann.ch\/index.php?rest_route=%2Fwp%2Fv2%2Fcomments&post=953"}],"version-history":[{"count":2,"href":"https:\/\/rmann.ch\/index.php?rest_route=\/wp\/v2\/pages\/953\/revisions"}],"predecessor-version":[{"id":960,"href":"https:\/\/rmann.ch\/index.php?rest_route=\/wp\/v2\/pages\/953\/revisions\/960"}],"up":[{"embeddable":true,"href":"https:\/\/rmann.ch\/index.php?rest_route=\/wp\/v2\/pages\/568"}],"wp:attachment":[{"href":"https:\/\/rmann.ch\/index.php?rest_route=%2Fwp%2Fv2%2Fmedia&parent=953"}],"curies":[{"name":"wp","href":"https:\/\/api.w.org\/{rel}","templated":true}]}}