{"id":944,"date":"2021-06-21T11:26:56","date_gmt":"2021-06-21T11:26:56","guid":{"rendered":"https:\/\/schrank.ch\/?page_id=944"},"modified":"2021-06-21T11:26:56","modified_gmt":"2021-06-21T11:26:56","slug":"kravatten-und-guertelhalter-ausklappbar","status":"publish","type":"page","link":"https:\/\/rmann.ch\/?page_id=944","title":{"rendered":"Kravatten- und G\u00fcrtelhalter ausklappbar"},"content":{"rendered":"\n<figure class=\"wp-block-gallery columns-3 is-cropped wp-block-gallery-1 is-layout-flex wp-block-gallery-is-layout-flex\"><ul class=\"blocks-gallery-grid\"><li class=\"blocks-gallery-item\"><figure><img loading=\"lazy\" decoding=\"async\" width=\"1024\" height=\"683\" src=\"https:\/\/rmann.ch\/wp-content\/uploads\/2021\/06\/Kravatten-und-Guertelhalter-ausklappbar-Funktion-2.gif\" alt=\"\" data-id=\"589\" data-full-url=\"https:\/\/rmann.ch\/wp-content\/uploads\/2021\/06\/Kravatten-und-Guertelhalter-ausklappbar-Funktion-2.gif\" data-link=\"https:\/\/rmann.ch\/?attachment_id=589\" class=\"wp-image-589\"\/><\/figure><\/li><li class=\"blocks-gallery-item\"><figure><img loading=\"lazy\" decoding=\"async\" width=\"768\" height=\"512\" src=\"https:\/\/rmann.ch\/wp-content\/uploads\/2021\/06\/DSC_0646-768x512-1.jpg\" alt=\"\" data-id=\"945\" data-full-url=\"https:\/\/rmann.ch\/wp-content\/uploads\/2021\/06\/DSC_0646-768x512-1.jpg\" data-link=\"https:\/\/rmann.ch\/?attachment_id=945\" class=\"wp-image-945\" srcset=\"https:\/\/rmann.ch\/wp-content\/uploads\/2021\/06\/DSC_0646-768x512-1.jpg 768w, https:\/\/rmann.ch\/wp-content\/uploads\/2021\/06\/DSC_0646-768x512-1-300x200.jpg 300w, https:\/\/rmann.ch\/wp-content\/uploads\/2021\/06\/DSC_0646-768x512-1-90x60.jpg 90w\" sizes=\"auto, (max-width: 768px) 100vw, 768px\" \/><\/figure><\/li><li class=\"blocks-gallery-item\"><figure><img loading=\"lazy\" decoding=\"async\" width=\"768\" height=\"512\" src=\"https:\/\/rmann.ch\/wp-content\/uploads\/2021\/06\/DSC_0645-768x512-1.jpg\" alt=\"\" data-id=\"946\" data-full-url=\"https:\/\/rmann.ch\/wp-content\/uploads\/2021\/06\/DSC_0645-768x512-1.jpg\" data-link=\"https:\/\/rmann.ch\/?attachment_id=946\" class=\"wp-image-946\" srcset=\"https:\/\/rmann.ch\/wp-content\/uploads\/2021\/06\/DSC_0645-768x512-1.jpg 768w, https:\/\/rmann.ch\/wp-content\/uploads\/2021\/06\/DSC_0645-768x512-1-300x200.jpg 300w, https:\/\/rmann.ch\/wp-content\/uploads\/2021\/06\/DSC_0645-768x512-1-90x60.jpg 90w\" sizes=\"auto, (max-width: 768px) 100vw, 768px\" \/><\/figure><\/li><\/ul><\/figure>\n\n\n\n<p>Erh\u00e4ltlich f\u00fcr&nbsp;alle Elemente.<\/p>\n\n\n\n<p>Wird f\u00fcr haupts\u00e4chlich bei Dreht\u00fcren verwendet.<\/p>\n","protected":false},"excerpt":{"rendered":"<p>Erh\u00e4ltlich f\u00fcr&nbsp;alle Elemente. Wird f\u00fcr haupts\u00e4chlich bei Dreht\u00fcren verwendet.<\/p>\n","protected":false},"author":2,"featured_media":0,"parent":568,"menu_order":0,"comment_status":"closed","ping_status":"closed","template":"","meta":{"footnotes":""},"class_list":["post-944","page","type-page","status-publish","hentry","latest_post"],"jetpack_sharing_enabled":true,"_links":{"self":[{"href":"https:\/\/rmann.ch\/index.php?rest_route=\/wp\/v2\/pages\/944","targetHints":{"allow":["GET"]}}],"collection":[{"href":"https:\/\/rmann.ch\/index.php?rest_route=\/wp\/v2\/pages"}],"about":[{"href":"https:\/\/rmann.ch\/index.php?rest_route=\/wp\/v2\/types\/page"}],"author":[{"embeddable":true,"href":"https:\/\/rmann.ch\/index.php?rest_route=\/wp\/v2\/users\/2"}],"replies":[{"embeddable":true,"href":"https:\/\/rmann.ch\/index.php?rest_route=%2Fwp%2Fv2%2Fcomments&post=944"}],"version-history":[{"count":1,"href":"https:\/\/rmann.ch\/index.php?rest_route=\/wp\/v2\/pages\/944\/revisions"}],"predecessor-version":[{"id":947,"href":"https:\/\/rmann.ch\/index.php?rest_route=\/wp\/v2\/pages\/944\/revisions\/947"}],"up":[{"embeddable":true,"href":"https:\/\/rmann.ch\/index.php?rest_route=\/wp\/v2\/pages\/568"}],"wp:attachment":[{"href":"https:\/\/rmann.ch\/index.php?rest_route=%2Fwp%2Fv2%2Fmedia&parent=944"}],"curies":[{"name":"wp","href":"https:\/\/api.w.org\/{rel}","templated":true}]}}