{"id":837,"date":"2021-06-18T09:15:09","date_gmt":"2021-06-18T09:15:09","guid":{"rendered":"https:\/\/schrank.ch\/?page_id=837"},"modified":"2021-06-18T09:15:43","modified_gmt":"2021-06-18T09:15:43","slug":"kleiderstange-seitlich-verschraubt","status":"publish","type":"page","link":"https:\/\/rmann.ch\/?page_id=837","title":{"rendered":"Kleiderstange seitlich verschraubt"},"content":{"rendered":"\n<figure class=\"wp-block-gallery columns-2 is-cropped wp-block-gallery-1 is-layout-flex wp-block-gallery-is-layout-flex\"><ul class=\"blocks-gallery-grid\"><li class=\"blocks-gallery-item\"><figure><img loading=\"lazy\" decoding=\"async\" width=\"768\" height=\"512\" src=\"https:\/\/rmann.ch\/wp-content\/uploads\/2021\/06\/DSC_0583-768x512-1.jpg\" alt=\"\" data-id=\"838\" data-full-url=\"https:\/\/rmann.ch\/wp-content\/uploads\/2021\/06\/DSC_0583-768x512-1.jpg\" data-link=\"https:\/\/rmann.ch\/?attachment_id=838\" class=\"wp-image-838\" srcset=\"https:\/\/rmann.ch\/wp-content\/uploads\/2021\/06\/DSC_0583-768x512-1.jpg 768w, https:\/\/rmann.ch\/wp-content\/uploads\/2021\/06\/DSC_0583-768x512-1-300x200.jpg 300w, https:\/\/rmann.ch\/wp-content\/uploads\/2021\/06\/DSC_0583-768x512-1-90x60.jpg 90w\" sizes=\"auto, (max-width: 768px) 100vw, 768px\" \/><figcaption class=\"blocks-gallery-item__caption\">Ansicht  Detail<\/figcaption><\/figure><\/li><li class=\"blocks-gallery-item\"><figure><img loading=\"lazy\" decoding=\"async\" width=\"768\" height=\"512\" src=\"https:\/\/rmann.ch\/wp-content\/uploads\/2021\/06\/DSC_0584-768x512-1.jpg\" alt=\"\" data-id=\"839\" data-full-url=\"https:\/\/rmann.ch\/wp-content\/uploads\/2021\/06\/DSC_0584-768x512-1.jpg\" data-link=\"https:\/\/rmann.ch\/?attachment_id=839\" class=\"wp-image-839\" srcset=\"https:\/\/rmann.ch\/wp-content\/uploads\/2021\/06\/DSC_0584-768x512-1.jpg 768w, https:\/\/rmann.ch\/wp-content\/uploads\/2021\/06\/DSC_0584-768x512-1-300x200.jpg 300w, https:\/\/rmann.ch\/wp-content\/uploads\/2021\/06\/DSC_0584-768x512-1-90x60.jpg 90w\" sizes=\"auto, (max-width: 768px) 100vw, 768px\" \/><figcaption class=\"blocks-gallery-item__caption\">Ansicht 1<\/figcaption><\/figure><\/li><\/ul><\/figure>\n\n\n\n<p>Erh\u00e4ltlich f\u00fcr folgende Elemente:<\/p>\n\n\n\n<p>XS \/ S \/ M \/ L \/ XL<\/p>\n\n\n\n<p>Nur f\u00fcr Tiefe 60cm geeignet.<\/p>\n\n\n\n<p>\u00c4nderungen m\u00f6glich.<\/p>\n","protected":false},"excerpt":{"rendered":"<p>Erh\u00e4ltlich f\u00fcr folgende Elemente: XS \/ S \/ M \/ L \/ XL Nur f\u00fcr Tiefe 60cm geeignet. \u00c4nderungen m\u00f6glich.<\/p>\n","protected":false},"author":2,"featured_media":0,"parent":568,"menu_order":0,"comment_status":"closed","ping_status":"closed","template":"","meta":{"footnotes":""},"class_list":["post-837","page","type-page","status-publish","hentry","latest_post"],"jetpack_sharing_enabled":true,"_links":{"self":[{"href":"https:\/\/rmann.ch\/index.php?rest_route=\/wp\/v2\/pages\/837","targetHints":{"allow":["GET"]}}],"collection":[{"href":"https:\/\/rmann.ch\/index.php?rest_route=\/wp\/v2\/pages"}],"about":[{"href":"https:\/\/rmann.ch\/index.php?rest_route=\/wp\/v2\/types\/page"}],"author":[{"embeddable":true,"href":"https:\/\/rmann.ch\/index.php?rest_route=\/wp\/v2\/users\/2"}],"replies":[{"embeddable":true,"href":"https:\/\/rmann.ch\/index.php?rest_route=%2Fwp%2Fv2%2Fcomments&post=837"}],"version-history":[{"count":1,"href":"https:\/\/rmann.ch\/index.php?rest_route=\/wp\/v2\/pages\/837\/revisions"}],"predecessor-version":[{"id":840,"href":"https:\/\/rmann.ch\/index.php?rest_route=\/wp\/v2\/pages\/837\/revisions\/840"}],"up":[{"embeddable":true,"href":"https:\/\/rmann.ch\/index.php?rest_route=\/wp\/v2\/pages\/568"}],"wp:attachment":[{"href":"https:\/\/rmann.ch\/index.php?rest_route=%2Fwp%2Fv2%2Fmedia&parent=837"}],"curies":[{"name":"wp","href":"https:\/\/api.w.org\/{rel}","templated":true}]}}