{"id":8,"date":"2021-05-27T09:34:07","date_gmt":"2021-05-27T09:34:07","guid":{"rendered":"https:\/\/archiv.fubo.ch\/?page_id=8"},"modified":"2021-05-28T08:57:11","modified_gmt":"2021-05-28T08:57:11","slug":"startseite","status":"publish","type":"page","link":"https:\/\/rmann.ch\/","title":{"rendered":"Startseite"},"content":{"rendered":"\n<script type=\"text\/javascript\">\r\ndocument.addEventListener(\"DOMContentLoaded\", function(event) { \r\n\tjQuery( '#slider-pro-3-141' ).sliderPro({\r\n\t\t\/\/width\r\n\t\t\t\twidth: 1000,\r\n\t\t\t\t\r\n\t\t\/\/height\r\n\t\t\t\theight: 500,\r\n\t\t\t\t\r\n\t\t\/\/auto play\r\n\t\t\t\tautoplay:  true,\r\n\t\tautoplayOnHover: 'none',\r\n\t\t\t\t\t\t\t\tautoplayDelay: 5000,\r\n\t\t\r\n\t\t\r\n\t\tarrows: true,\r\n\t\tbuttons: true,\r\n\t\tsmallSize: 500,\r\n\t\tmediumSize: 1000,\r\n\t\tlargeSize: 3000,\r\n\t\tfade: true,\r\n\t\t\r\n\t\t\/\/thumbnail\r\n\t\tthumbnailArrows: true,\r\n\t\tthumbnailWidth: 120,\r\n\t\tthumbnailHeight: 120,\r\n\t\t\t\t\t\tthumbnailsPosition: 'bottom',\r\n\t\t\t\t\t\tcenterImage: true,\r\n\t\timageScaleMode: 'cover',\r\n\t\tallowScaleUp: true,\r\n\t\t\t\tstartSlide: 0,\r\n\t\tloop: true,\r\n\t\tslideDistance: 5,\r\n\t\tautoplayDirection: 'normal',\r\n\t\ttouchSwipe: true,\r\n\t\tfullScreen: true,\r\n\t});\r\n});\r\n<\/script>\r\n<style>\r\n\/* Layout 3 *\/\r\n\/* border *\/\r\n#slider-pro-3-141 .sp-selected-thumbnail {\r\n\tborder: 4px solid #000000;\r\n}\r\n\r\n\/* font + color *\/\r\n.title-in  {\r\n\tfont-family: Arial !important;\r\n\tcolor: #FFFFFF !important;\r\n\tbackground-color: #000000 !important;\r\n\topacity: 0.7 !important;\r\n}\r\n.desc-in  {\r\n\tfont-family: Arial !important;\r\n\tcolor: #FFFFFF !important;\r\n\tbackground-color: #00000 !important;\r\n\topacity: 0.7 !important;\r\n}\r\n\r\n\/* bullets color *\/\r\n.sp-button  {\r\n\tborder: 2px solid #000000 !important;\r\n}\r\n.sp-selected-button  {\r\n\tbackground-color: #000000 !important;\r\n}\r\n\r\n\/* pointer color - bottom *\/\r\n.sp-selected-thumbnail::before {\r\n\tborder-bottom: 5px solid #000000 !important;\r\n}\r\n.sp-selected-thumbnail::after {\r\n\tborder-bottom: 13px solid #000000 !important;\r\n}\r\n\r\n\/* pointer color - top *\/\r\n\r\n\/* full screen icon *\/\r\n.sp-full-screen-button::before {\r\n    color: #FFFFFF !important;\r\n}\r\n\r\n\/* hover navigation icon color *\/\r\n.sp-next-arrow::after, .sp-next-arrow::before {\r\n\tbackground-color: #FFFFFF !important;\r\n}\r\n.sp-previous-arrow::after, .sp-previous-arrow::before {\r\n\tbackground-color: #FFFFFF !important;\r\n}\r\n\r\n#slider-pro-3-141 .title-in {\r\n\tcolor: #FFFFFF !important;\r\n\tfont-weight: bolder;\r\n\ttext-align: center;\r\n}\r\n\r\n#slider-pro-3-141 .title-in-bg {\r\n\tbackground: rgba(255, 255, 255, 0.7); !important;\r\n\twhite-space: unset !important;\r\n\tmax-width: 90%;\r\n\tmin-width: 40%;\r\n\ttransform: initial !important;\r\n\t-webkit-transform: initial !important;\r\n\tfont-size: 14px !important;\r\n}\r\n\r\n#slider-pro-3-141 .desc-in {\r\n\tcolor: #FFFFFF !important;\r\n\ttext-align: center;\r\n}\r\n#slider-pro-3-141 .desc-in-bg {\r\n\tbackground: rgba(#00000, 0.7) !important;\r\n\twhite-space: unset !important;\r\n\twidth: 80% !important;\r\n\tmin-width: 30%;\r\n\ttransform: initial !important;\r\n\t-webkit-transform: initial !important;\r\n\tfont-size: 13px !important;\r\n}\r\n\r\n@media (max-width: 640px) {\r\n\t#slider-pro-3-141 .hide-small-screen {\r\n\t\tdisplay: none;\r\n\t}\r\n}\r\n\r\n@media (max-width: 860px) {\r\n\t#slider-pro-3-141 .sp-layer {\r\n\t\tfont-size: 18px;\r\n\t}\r\n\t\r\n\t#slider-pro-3-141 .hide-medium-screen {\r\n\t\tdisplay: none;\r\n\t}\r\n}\r\n.slides-not-found {\r\n\tbackground-color: #a92929;\r\n\tborder-radius: 5px;\r\n\tcolor: #fff;\r\n\tfont-family: initial;\r\n\ttext-align: center;\r\n\tpadding:12px;\r\n}\r\n\/* Custom CSS *\/\r\n<\/style>\r\n<h3 class=\"uris-slider-post-title\">Mono<\/h3>\r\n\t\t<div id=\"slider-pro-3-141\" class=\"slider-pro\">\r\n\t\t\t<!---- slides div start ---->\r\n\t\t\t<div class=\"sp-slides\">\r\n\t\t\t\t\t\t\t\t\t\t<div class=\"sp-slide\">\r\n\t\t\t\t\t\t\t<img decoding=\"async\" class=\"sp-image\" loading=\"lazy\" alt=\"piotta\" src=\"https:\/\/rmann.ch\/wp-content\/plugins\/ultimate-responsive-image-slider\/assets\/css\/images\/blank.gif\" data-src=\"https:\/\/rmann.ch\/wp-content\/uploads\/2021\/05\/piotta.jpg\" \/>\r\n\r\n\t\t\t\t\t\t\t\t\t\t\t\t\t\t<p class=\"sp-layer sp-white sp-padding title-in title-in-bg hide-small-screen\" \r\n\t\t\t\t\t\t\t\tdata-position=\"centerCenter\"\r\n\t\t\t\t\t\t\t\tdata-vertical=\"-14%\"\r\n\t\t\t\t\t\t\t\tdata-show-transition=\"left\" data-show-delay=\"500\">\r\n\t\t\t\t\t\t\t\tpiotta\t\t\t\t\t\t\t<\/p>\r\n\t\t\t\t\t\t\t\r\n\t\t\t\t\t\t\t\t\t\t\t\t\t\t<p class=\"sp-layer sp-black sp-padding desc-in desc-in-bg hide-medium-screen\" \r\n\t\t\t\t\t\t\t\tdata-position=\"centerCenter\"\r\n\t\t\t\t\t\t\t\tdata-vertical=\"14%\"\r\n\t\t\t\t\t\t\t\tdata-show-transition=\"right\" data-show-delay=\"500\">\r\n\t\t\t\t\t\t\t\tSchlichte Eleganz \u2013 der Piotta \u00fcberzeugt durch sein schn\u00f6rkelloses Design, das sich vielen Wohnsituationen anpasst, ohne an Pr\u00e4senz zu verlieren.\t\t\t\t\t\t\t<\/p>\r\n\t\t\t\t\t\t\t\t\t\t\t\t\t<\/div>\r\n\t\t\t\t\t\t\t\t\t\t\t\t<div class=\"sp-slide\">\r\n\t\t\t\t\t\t\t<img decoding=\"async\" class=\"sp-image\" loading=\"lazy\" alt=\"melano\" src=\"https:\/\/rmann.ch\/wp-content\/plugins\/ultimate-responsive-image-slider\/assets\/css\/images\/blank.gif\" data-src=\"https:\/\/rmann.ch\/wp-content\/uploads\/2021\/05\/melano.jpg\" \/>\r\n\r\n\t\t\t\t\t\t\t\t\t\t\t\t\t\t<p class=\"sp-layer sp-white sp-padding title-in title-in-bg hide-small-screen\" \r\n\t\t\t\t\t\t\t\tdata-position=\"centerCenter\"\r\n\t\t\t\t\t\t\t\tdata-vertical=\"-14%\"\r\n\t\t\t\t\t\t\t\tdata-show-transition=\"left\" data-show-delay=\"500\">\r\n\t\t\t\t\t\t\t\tmelano\t\t\t\t\t\t\t<\/p>\r\n\t\t\t\t\t\t\t\r\n\t\t\t\t\t\t\t\t\t\t\t\t\t<\/div>\r\n\t\t\t\t\t\t\t\t\t\t\t\t<div class=\"sp-slide\">\r\n\t\t\t\t\t\t\t<img decoding=\"async\" class=\"sp-image\" loading=\"lazy\" alt=\"cropped-davos-xs.jpg\" src=\"https:\/\/rmann.ch\/wp-content\/plugins\/ultimate-responsive-image-slider\/assets\/css\/images\/blank.gif\" data-src=\"https:\/\/rmann.ch\/wp-content\/uploads\/2021\/05\/cropped-davos-xs.jpg\" \/>\r\n\r\n\t\t\t\t\t\t\t\t\t\t\t\t\t\t<p class=\"sp-layer sp-white sp-padding title-in title-in-bg hide-small-screen\" \r\n\t\t\t\t\t\t\t\tdata-position=\"centerCenter\"\r\n\t\t\t\t\t\t\t\tdata-vertical=\"-14%\"\r\n\t\t\t\t\t\t\t\tdata-show-transition=\"left\" data-show-delay=\"500\">\r\n\t\t\t\t\t\t\t\tcropped-davos-xs.jpg\t\t\t\t\t\t\t<\/p>\r\n\t\t\t\t\t\t\t\r\n\t\t\t\t\t\t\t\t\t\t\t\t\t\t<p class=\"sp-layer sp-black sp-padding desc-in desc-in-bg hide-medium-screen\" \r\n\t\t\t\t\t\t\t\tdata-position=\"centerCenter\"\r\n\t\t\t\t\t\t\t\tdata-vertical=\"14%\"\r\n\t\t\t\t\t\t\t\tdata-show-transition=\"right\" data-show-delay=\"500\">\r\n\t\t\t\t\t\t\t\thttps:\/\/rmann.ch\/wp-content\/uploads\/2021\/05\/cropped-davos-xs.jpg\t\t\t\t\t\t\t<\/p>\r\n\t\t\t\t\t\t\t\t\t\t\t\t\t<\/div>\r\n\t\t\t\t\t\t\t\t\t\t\t\t<div class=\"sp-slide\">\r\n\t\t\t\t\t\t\t<img decoding=\"async\" class=\"sp-image\" loading=\"lazy\" alt=\"cropped-raumteiler.jpg\" src=\"https:\/\/rmann.ch\/wp-content\/plugins\/ultimate-responsive-image-slider\/assets\/css\/images\/blank.gif\" data-src=\"https:\/\/rmann.ch\/wp-content\/uploads\/2021\/05\/cropped-raumteiler.jpg\" \/>\r\n\r\n\t\t\t\t\t\t\t\t\t\t\t\t\t\t<p class=\"sp-layer sp-white sp-padding title-in title-in-bg hide-small-screen\" \r\n\t\t\t\t\t\t\t\tdata-position=\"centerCenter\"\r\n\t\t\t\t\t\t\t\tdata-vertical=\"-14%\"\r\n\t\t\t\t\t\t\t\tdata-show-transition=\"left\" data-show-delay=\"500\">\r\n\t\t\t\t\t\t\t\tcropped-raumteiler.jpg\t\t\t\t\t\t\t<\/p>\r\n\t\t\t\t\t\t\t\r\n\t\t\t\t\t\t\t\t\t\t\t\t\t\t<p class=\"sp-layer sp-black sp-padding desc-in desc-in-bg hide-medium-screen\" \r\n\t\t\t\t\t\t\t\tdata-position=\"centerCenter\"\r\n\t\t\t\t\t\t\t\tdata-vertical=\"14%\"\r\n\t\t\t\t\t\t\t\tdata-show-transition=\"right\" data-show-delay=\"500\">\r\n\t\t\t\t\t\t\t\thttps:\/\/rmann.ch\/wp-content\/uploads\/2021\/05\/cropped-raumteiler.jpg\t\t\t\t\t\t\t<\/p>\r\n\t\t\t\t\t\t\t\t\t\t\t\t\t<\/div>\r\n\t\t\t\t\t\t\t\t\t<\/div>\r\n\t\t\t\r\n\t\t\t<!---- slides div end ---->\r\n\t\t\t\t\t\t<!-- slides thumbnails div start -->\r\n\t\t\t<div class=\"sp-thumbnails\">\r\n\t\t\t\t\t\t\t\t\t\t<img decoding=\"async\" class=\"sp-thumbnail\" loading=\"lazy\" src=\"https:\/\/rmann.ch\/wp-content\/plugins\/ultimate-responsive-image-slider\/assets\/img\/loading.gif\" data-src=\"https:\/\/rmann.ch\/wp-content\/uploads\/2021\/05\/piotta-300x187.jpg\" alt=\"piotta\"\/>\r\n\t\t\t\t\t\t\t\t\t\t\t<img decoding=\"async\" class=\"sp-thumbnail\" loading=\"lazy\" src=\"https:\/\/rmann.ch\/wp-content\/plugins\/ultimate-responsive-image-slider\/assets\/img\/loading.gif\" data-src=\"https:\/\/rmann.ch\/wp-content\/uploads\/2021\/05\/melano-300x187.jpg\" alt=\"melano\"\/>\r\n\t\t\t\t\t\t\t\t\t\t\t<img decoding=\"async\" class=\"sp-thumbnail\" loading=\"lazy\" src=\"https:\/\/rmann.ch\/wp-content\/plugins\/ultimate-responsive-image-slider\/assets\/img\/loading.gif\" data-src=\"https:\/\/rmann.ch\/wp-content\/uploads\/2021\/05\/cropped-davos-xs-240x300.jpg\" alt=\"cropped-davos-xs.jpg\"\/>\r\n\t\t\t\t\t\t\t\t\t\t\t<img decoding=\"async\" class=\"sp-thumbnail\" loading=\"lazy\" src=\"https:\/\/rmann.ch\/wp-content\/plugins\/ultimate-responsive-image-slider\/assets\/img\/loading.gif\" data-src=\"https:\/\/rmann.ch\/wp-content\/uploads\/2021\/05\/cropped-raumteiler-240x300.jpg\" alt=\"cropped-raumteiler.jpg\"\/>\r\n\t\t\t\t\t\t\t\t<\/div>\r\n\t\t\t\t\t\t<!-- slides thumbnails div end -->\r\n\t\t<\/div>\r\n\n","protected":false},"excerpt":{"rendered":"","protected":false},"author":2,"featured_media":0,"parent":0,"menu_order":0,"comment_status":"closed","ping_status":"closed","template":"","meta":{"footnotes":""},"class_list":["post-8","page","type-page","status-publish","hentry","latest_post"],"jetpack_sharing_enabled":true,"_links":{"self":[{"href":"https:\/\/rmann.ch\/index.php?rest_route=\/wp\/v2\/pages\/8","targetHints":{"allow":["GET"]}}],"collection":[{"href":"https:\/\/rmann.ch\/index.php?rest_route=\/wp\/v2\/pages"}],"about":[{"href":"https:\/\/rmann.ch\/index.php?rest_route=\/wp\/v2\/types\/page"}],"author":[{"embeddable":true,"href":"https:\/\/rmann.ch\/index.php?rest_route=\/wp\/v2\/users\/2"}],"replies":[{"embeddable":true,"href":"https:\/\/rmann.ch\/index.php?rest_route=%2Fwp%2Fv2%2Fcomments&post=8"}],"version-history":[{"count":3,"href":"https:\/\/rmann.ch\/index.php?rest_route=\/wp\/v2\/pages\/8\/revisions"}],"predecessor-version":[{"id":143,"href":"https:\/\/rmann.ch\/index.php?rest_route=\/wp\/v2\/pages\/8\/revisions\/143"}],"wp:attachment":[{"href":"https:\/\/rmann.ch\/index.php?rest_route=%2Fwp%2Fv2%2Fmedia&parent=8"}],"curies":[{"name":"wp","href":"https:\/\/api.w.org\/{rel}","templated":true}]}}