{"id":507,"date":"2021-06-14T12:34:54","date_gmt":"2021-06-14T12:34:54","guid":{"rendered":"https:\/\/archiv.fubo.ch\/?page_id=507"},"modified":"2024-10-01T13:29:05","modified_gmt":"2024-10-01T13:29:05","slug":"ruettiman-geschichte","status":"publish","type":"page","link":"https:\/\/rmann.ch\/?page_id=507","title":{"rendered":"R\u00fcttimann Geschichte"},"content":{"rendered":"\n<figure class=\"wp-block-gallery has-nested-images columns-2 wp-block-gallery-1 is-layout-flex wp-block-gallery-is-layout-flex\">\n<figure class=\"wp-block-image size-large\"><img loading=\"lazy\" decoding=\"async\" width=\"127\" height=\"150\" data-id=\"509\" src=\"https:\/\/rmann.ch\/wp-content\/uploads\/2021\/06\/Ruettimann-Sen.-127x150-1.png\" alt=\"\" class=\"wp-image-509\" srcset=\"https:\/\/rmann.ch\/wp-content\/uploads\/2021\/06\/Ruettimann-Sen.-127x150-1.png 127w, https:\/\/rmann.ch\/wp-content\/uploads\/2021\/06\/Ruettimann-Sen.-127x150-1-51x60.png 51w\" sizes=\"auto, (max-width: 127px) 100vw, 127px\" \/><\/figure>\n\n\n\n<figure class=\"wp-block-image size-large\"><img loading=\"lazy\" decoding=\"async\" width=\"150\" height=\"150\" data-id=\"508\" src=\"https:\/\/rmann.ch\/wp-content\/uploads\/2021\/06\/gruppenfoto-150x150-1.png\" alt=\"\" class=\"wp-image-508\" srcset=\"https:\/\/rmann.ch\/wp-content\/uploads\/2021\/06\/gruppenfoto-150x150-1.png 150w, https:\/\/rmann.ch\/wp-content\/uploads\/2021\/06\/gruppenfoto-150x150-1-60x60.png 60w\" sizes=\"auto, (max-width: 150px) 100vw, 150px\" \/><\/figure>\n<figcaption class=\"blocks-gallery-caption wp-element-caption\">Die erste Belegschaft um die Jahrhundertwende. Hinten mit Strohhut und Fliege Peter R\u00fcttimann senior. V.r.: Kind mit D\u00e4chlikappe, Peter R\u00fcttimann junior.<\/figcaption><\/figure>\n\n\n\n<p><strong>1896<\/strong>&nbsp;gr\u00fcndet Peter R\u00fcttimann die Schreinerei R\u00fcttimann in Siebnen und beginnt als einer der Ersten mit der industriellen Serienproduktion \u2013 bei gleichzeitiger Wahrung der handwerklichen Sorgfalt f\u00fcr jedes einzelne M\u00f6belst\u00fcck. Bis heute ein Erfolgsrezept der&nbsp;R\u00fcttimann AG.<\/p>\n\n\n\n<figure class=\"wp-block-gallery has-nested-images columns-8 is-cropped wp-block-gallery-2 is-layout-flex wp-block-gallery-is-layout-flex\">\n<figure class=\"wp-block-image size-large\"><img loading=\"lazy\" decoding=\"async\" width=\"150\" height=\"150\" data-id=\"510\" src=\"https:\/\/rmann.ch\/wp-content\/uploads\/2021\/06\/Kinderbett-1924-150x150-1.jpg\" alt=\"\" class=\"wp-image-510\" srcset=\"https:\/\/rmann.ch\/wp-content\/uploads\/2021\/06\/Kinderbett-1924-150x150-1.jpg 150w, https:\/\/rmann.ch\/wp-content\/uploads\/2021\/06\/Kinderbett-1924-150x150-1-60x60.jpg 60w\" sizes=\"auto, (max-width: 150px) 100vw, 150px\" \/><\/figure>\n\n\n\n<figure class=\"wp-block-image size-large\"><img loading=\"lazy\" decoding=\"async\" width=\"150\" height=\"150\" data-id=\"511\" src=\"https:\/\/rmann.ch\/wp-content\/uploads\/2021\/06\/Schlafzimmer-1-aus-1924-150x150-1.jpg\" alt=\"\" class=\"wp-image-511\" srcset=\"https:\/\/rmann.ch\/wp-content\/uploads\/2021\/06\/Schlafzimmer-1-aus-1924-150x150-1.jpg 150w, https:\/\/rmann.ch\/wp-content\/uploads\/2021\/06\/Schlafzimmer-1-aus-1924-150x150-1-60x60.jpg 60w\" sizes=\"auto, (max-width: 150px) 100vw, 150px\" \/><\/figure>\n\n\n\n<figure class=\"wp-block-image size-large\"><img loading=\"lazy\" decoding=\"async\" width=\"150\" height=\"150\" data-id=\"512\" src=\"https:\/\/rmann.ch\/wp-content\/uploads\/2021\/06\/Schlafzimmer-2-aus-1924-150x150-1.jpg\" alt=\"\" class=\"wp-image-512\" srcset=\"https:\/\/rmann.ch\/wp-content\/uploads\/2021\/06\/Schlafzimmer-2-aus-1924-150x150-1.jpg 150w, https:\/\/rmann.ch\/wp-content\/uploads\/2021\/06\/Schlafzimmer-2-aus-1924-150x150-1-60x60.jpg 60w\" sizes=\"auto, (max-width: 150px) 100vw, 150px\" \/><\/figure>\n\n\n\n<figure class=\"wp-block-image size-large\"><img loading=\"lazy\" decoding=\"async\" width=\"150\" height=\"150\" data-id=\"513\" src=\"https:\/\/rmann.ch\/wp-content\/uploads\/2021\/06\/Schrank-1-aus-1924-150x150-1.jpg\" alt=\"\" class=\"wp-image-513\" srcset=\"https:\/\/rmann.ch\/wp-content\/uploads\/2021\/06\/Schrank-1-aus-1924-150x150-1.jpg 150w, https:\/\/rmann.ch\/wp-content\/uploads\/2021\/06\/Schrank-1-aus-1924-150x150-1-60x60.jpg 60w\" sizes=\"auto, (max-width: 150px) 100vw, 150px\" \/><\/figure>\n\n\n\n<figure class=\"wp-block-image size-large\"><img loading=\"lazy\" decoding=\"async\" width=\"150\" height=\"150\" data-id=\"514\" src=\"https:\/\/rmann.ch\/wp-content\/uploads\/2021\/06\/Schrank-2-aus-1924-150x150-1.jpg\" alt=\"\" class=\"wp-image-514\" srcset=\"https:\/\/rmann.ch\/wp-content\/uploads\/2021\/06\/Schrank-2-aus-1924-150x150-1.jpg 150w, https:\/\/rmann.ch\/wp-content\/uploads\/2021\/06\/Schrank-2-aus-1924-150x150-1-60x60.jpg 60w\" sizes=\"auto, (max-width: 150px) 100vw, 150px\" \/><\/figure>\n\n\n\n<figure class=\"wp-block-image size-large\"><img loading=\"lazy\" decoding=\"async\" width=\"150\" height=\"150\" data-id=\"515\" src=\"https:\/\/rmann.ch\/wp-content\/uploads\/2021\/06\/Schrank-3-aus-1924-150x150-1.jpg\" alt=\"\" class=\"wp-image-515\" srcset=\"https:\/\/rmann.ch\/wp-content\/uploads\/2021\/06\/Schrank-3-aus-1924-150x150-1.jpg 150w, https:\/\/rmann.ch\/wp-content\/uploads\/2021\/06\/Schrank-3-aus-1924-150x150-1-60x60.jpg 60w\" sizes=\"auto, (max-width: 150px) 100vw, 150px\" \/><\/figure>\n\n\n\n<figure class=\"wp-block-image size-large\"><img loading=\"lazy\" decoding=\"async\" width=\"150\" height=\"150\" data-id=\"516\" src=\"https:\/\/rmann.ch\/wp-content\/uploads\/2021\/06\/Schrank-4-aus-1924-150x150-1.jpg\" alt=\"\" class=\"wp-image-516\" srcset=\"https:\/\/rmann.ch\/wp-content\/uploads\/2021\/06\/Schrank-4-aus-1924-150x150-1.jpg 150w, https:\/\/rmann.ch\/wp-content\/uploads\/2021\/06\/Schrank-4-aus-1924-150x150-1-60x60.jpg 60w\" sizes=\"auto, (max-width: 150px) 100vw, 150px\" \/><\/figure>\n\n\n\n<figure class=\"wp-block-image size-large\"><img loading=\"lazy\" decoding=\"async\" width=\"150\" height=\"150\" data-id=\"517\" src=\"https:\/\/rmann.ch\/wp-content\/uploads\/2021\/06\/Schrank-5-aus-1924-150x150-1.jpg\" alt=\"\" class=\"wp-image-517\" srcset=\"https:\/\/rmann.ch\/wp-content\/uploads\/2021\/06\/Schrank-5-aus-1924-150x150-1.jpg 150w, https:\/\/rmann.ch\/wp-content\/uploads\/2021\/06\/Schrank-5-aus-1924-150x150-1-60x60.jpg 60w\" sizes=\"auto, (max-width: 150px) 100vw, 150px\" \/><\/figure>\n<\/figure>\n\n\n\n<p><strong>In den 30er Jahren<\/strong>&nbsp;\u00fcbernimmt Peter R\u00fcttimann jun. die Aufgaben seines Vaters und f\u00fchrt das Unternehmen erfolgreich durch die Wirren des Zweiten Weltkrieges.<\/p>\n\n\n<div class=\"wp-block-image\">\n<figure class=\"aligncenter size-full\"><img loading=\"lazy\" decoding=\"async\" width=\"150\" height=\"121\" src=\"https:\/\/rmann.ch\/wp-content\/uploads\/2021\/07\/history2-150x121-1-150x121-1.png\" alt=\"\" class=\"wp-image-1019\" srcset=\"https:\/\/rmann.ch\/wp-content\/uploads\/2021\/07\/history2-150x121-1-150x121-1.png 150w, https:\/\/rmann.ch\/wp-content\/uploads\/2021\/07\/history2-150x121-1-150x121-1-74x60.png 74w\" sizes=\"auto, (max-width: 150px) 100vw, 150px\" \/><\/figure>\n<\/div>\n\n\n<p><strong>Von 1918 bis 1974<\/strong>&nbsp;waren insgesamt 5 Chauffeure mit diesem umweltfreundlichen Elektromobil im Einsatz. Seit 1980 steht es im Verkehrshaus Luzern.<\/p>\n\n\n<div class=\"wp-block-image\">\n<figure class=\"aligncenter size-large\"><img loading=\"lazy\" decoding=\"async\" width=\"129\" height=\"173\" src=\"https:\/\/rmann.ch\/wp-content\/uploads\/2021\/06\/eggenschwiler1.png\" alt=\"\" class=\"wp-image-521\" srcset=\"https:\/\/rmann.ch\/wp-content\/uploads\/2021\/06\/eggenschwiler1.png 129w, https:\/\/rmann.ch\/wp-content\/uploads\/2021\/06\/eggenschwiler1-45x60.png 45w\" sizes=\"auto, (max-width: 129px) 100vw, 129px\" \/><figcaption class=\"wp-element-caption\">Hans Eggenschwiler<br><\/figcaption><\/figure>\n<\/div>\n\n\n<p><strong>1951<\/strong>&nbsp;tritt,&nbsp;der Schwiegersohn von&nbsp;Peter R\u00fcttimann jun.,&nbsp;Hans Eggenschwiler die Nachfolge in der Unternehmensleitung an; die Modernisierung der Fabrikationsabl\u00e4ufe f\u00fchrt zu gesteigerten Erfolgen der&nbsp;R\u00fcttimann AG.<\/p>\n\n\n\n<p><strong>1963<\/strong>&nbsp;bringt das Unternehmen den ersten Elementschrank auf den Markt \u2013 der \u201eRS-Schrank\u201c wird zu einem f\u00fchrenden Begriff in der M\u00f6belwelt und bestimmt in der Folge das Kerngesch\u00e4ft des Unternehmens.<\/p>\n\n\n\n<figure class=\"wp-block-gallery has-nested-images columns-6 is-cropped wp-block-gallery-3 is-layout-flex wp-block-gallery-is-layout-flex\">\n<figure class=\"wp-block-image size-large\"><img loading=\"lazy\" decoding=\"async\" width=\"150\" height=\"150\" data-id=\"522\" src=\"https:\/\/rmann.ch\/wp-content\/uploads\/2021\/06\/1978-2-150x150-1.jpg\" alt=\"\" class=\"wp-image-522\" srcset=\"https:\/\/rmann.ch\/wp-content\/uploads\/2021\/06\/1978-2-150x150-1.jpg 150w, https:\/\/rmann.ch\/wp-content\/uploads\/2021\/06\/1978-2-150x150-1-60x60.jpg 60w\" sizes=\"auto, (max-width: 150px) 100vw, 150px\" \/><\/figure>\n\n\n\n<figure class=\"wp-block-image size-large\"><img loading=\"lazy\" decoding=\"async\" width=\"150\" height=\"150\" data-id=\"523\" src=\"https:\/\/rmann.ch\/wp-content\/uploads\/2021\/06\/1978-150x150-1.jpg\" alt=\"\" class=\"wp-image-523\" srcset=\"https:\/\/rmann.ch\/wp-content\/uploads\/2021\/06\/1978-150x150-1.jpg 150w, https:\/\/rmann.ch\/wp-content\/uploads\/2021\/06\/1978-150x150-1-60x60.jpg 60w\" sizes=\"auto, (max-width: 150px) 100vw, 150px\" \/><\/figure>\n\n\n\n<figure class=\"wp-block-image size-large\"><img loading=\"lazy\" decoding=\"async\" width=\"150\" height=\"150\" data-id=\"524\" src=\"https:\/\/rmann.ch\/wp-content\/uploads\/2021\/06\/Hotel-Kuwait-1981-150x150-1.jpg\" alt=\"\" class=\"wp-image-524\" srcset=\"https:\/\/rmann.ch\/wp-content\/uploads\/2021\/06\/Hotel-Kuwait-1981-150x150-1.jpg 150w, https:\/\/rmann.ch\/wp-content\/uploads\/2021\/06\/Hotel-Kuwait-1981-150x150-1-60x60.jpg 60w\" sizes=\"auto, (max-width: 150px) 100vw, 150px\" \/><\/figure>\n\n\n\n<figure class=\"wp-block-image size-large\"><img loading=\"lazy\" decoding=\"async\" width=\"150\" height=\"150\" data-id=\"525\" src=\"https:\/\/rmann.ch\/wp-content\/uploads\/2021\/06\/Hotel-Montreux-1970-150x150-1.jpg\" alt=\"\" class=\"wp-image-525\" srcset=\"https:\/\/rmann.ch\/wp-content\/uploads\/2021\/06\/Hotel-Montreux-1970-150x150-1.jpg 150w, https:\/\/rmann.ch\/wp-content\/uploads\/2021\/06\/Hotel-Montreux-1970-150x150-1-60x60.jpg 60w\" sizes=\"auto, (max-width: 150px) 100vw, 150px\" \/><\/figure>\n\n\n\n<figure class=\"wp-block-image size-large\"><img loading=\"lazy\" decoding=\"async\" width=\"150\" height=\"150\" data-id=\"526\" src=\"https:\/\/rmann.ch\/wp-content\/uploads\/2021\/06\/Hotel-Paris-1970-150x150-1.jpg\" alt=\"\" class=\"wp-image-526\" srcset=\"https:\/\/rmann.ch\/wp-content\/uploads\/2021\/06\/Hotel-Paris-1970-150x150-1.jpg 150w, https:\/\/rmann.ch\/wp-content\/uploads\/2021\/06\/Hotel-Paris-1970-150x150-1-60x60.jpg 60w\" sizes=\"auto, (max-width: 150px) 100vw, 150px\" \/><\/figure>\n\n\n\n<figure class=\"wp-block-image size-large\"><img loading=\"lazy\" decoding=\"async\" width=\"150\" height=\"150\" data-id=\"527\" src=\"https:\/\/rmann.ch\/wp-content\/uploads\/2021\/06\/Zeitung-1978-150x150-1.jpg\" alt=\"\" class=\"wp-image-527\" srcset=\"https:\/\/rmann.ch\/wp-content\/uploads\/2021\/06\/Zeitung-1978-150x150-1.jpg 150w, https:\/\/rmann.ch\/wp-content\/uploads\/2021\/06\/Zeitung-1978-150x150-1-60x60.jpg 60w\" sizes=\"auto, (max-width: 150px) 100vw, 150px\" \/><\/figure>\n<\/figure>\n\n\n\n<p>Seit&nbsp;<strong>1978<\/strong>&nbsp;leitete Urs P. Eggenschwiler das Unternehmen und entwickelte es zum f\u00fchrenden Hersteller von M\u00f6beln f\u00fcr den gehobenen Anspruch.&nbsp;Lag ein Schwerpunkt seiner Arbeit zu Beginn noch auf der Ausstattung kompletter Hotelzimmer auf der ganzen Welt, leitete er recht schnell eine wegweisende Spezialisierung ein. Der Bau von hochwertigen Schr\u00e4nken f\u00fcr den privaten Bereich wurde immer bedeutender.&nbsp;Diese Entscheidung bestimmt bis heute die Produktphilosophie der R\u00fcttimann AG.&nbsp;Gemeinsam mit seiner Frau Kathleen ist es Urs Eggenschwiler gelungen, ein eingeschworenes und schlagfertiges Team auf die Beine zu stellen.&nbsp;Gemeinsam hat man es geschafft, dass Schr\u00e4nke aus Siebnen auch ausserhalb der Grenzen der Schweiz immer bekannter wurden.<\/p>\n\n\n\n<figure class=\"wp-block-gallery has-nested-images columns-default is-cropped wp-block-gallery-4 is-layout-flex wp-block-gallery-is-layout-flex\">\n<figure class=\"wp-block-image size-large\"><img loading=\"lazy\" decoding=\"async\" width=\"408\" height=\"259\" data-id=\"528\" src=\"https:\/\/rmann.ch\/wp-content\/uploads\/2021\/06\/easy2-1.png\" alt=\"\" class=\"wp-image-528\" srcset=\"https:\/\/rmann.ch\/wp-content\/uploads\/2021\/06\/easy2-1.png 408w, https:\/\/rmann.ch\/wp-content\/uploads\/2021\/06\/easy2-1-300x190.png 300w, https:\/\/rmann.ch\/wp-content\/uploads\/2021\/06\/easy2-1-95x60.png 95w\" sizes=\"auto, (max-width: 408px) 100vw, 408px\" \/><\/figure>\n\n\n\n<figure class=\"wp-block-image size-large\"><img loading=\"lazy\" decoding=\"async\" width=\"401\" height=\"256\" data-id=\"529\" src=\"https:\/\/rmann.ch\/wp-content\/uploads\/2021\/06\/Schrank1.png\" alt=\"\" class=\"wp-image-529\" srcset=\"https:\/\/rmann.ch\/wp-content\/uploads\/2021\/06\/Schrank1.png 401w, https:\/\/rmann.ch\/wp-content\/uploads\/2021\/06\/Schrank1-300x192.png 300w, https:\/\/rmann.ch\/wp-content\/uploads\/2021\/06\/Schrank1-94x60.png 94w\" sizes=\"auto, (max-width: 401px) 100vw, 401px\" \/><\/figure>\n\n\n\n<figure class=\"wp-block-image size-large\"><img loading=\"lazy\" decoding=\"async\" width=\"396\" height=\"256\" data-id=\"530\" src=\"https:\/\/rmann.ch\/wp-content\/uploads\/2021\/06\/Schrank2.png\" alt=\"\" class=\"wp-image-530\" srcset=\"https:\/\/rmann.ch\/wp-content\/uploads\/2021\/06\/Schrank2.png 396w, https:\/\/rmann.ch\/wp-content\/uploads\/2021\/06\/Schrank2-300x194.png 300w, https:\/\/rmann.ch\/wp-content\/uploads\/2021\/06\/Schrank2-93x60.png 93w\" sizes=\"auto, (max-width: 396px) 100vw, 396px\" \/><\/figure>\n<\/figure>\n\n\n\n<p>Das gelang unter anderem, weil neben wundersch\u00f6nen Fronten auch das Innenleben der Schr\u00e4nke immer komfortabler und individualisierbarer wurde. Ein Beispiel f\u00fcr diese Entwicklung ist das Programm EasyLife.Urspr\u00fcnglich entwickelt, um den Kunden der Generation 50Plus das Leben zu erleichtern, hat es schnell generationen\u00fcbergreifend viele Freunde gefunden.<\/p>\n\n\n\n<figure class=\"wp-block-gallery has-nested-images columns-4 is-cropped wp-block-gallery-5 is-layout-flex wp-block-gallery-is-layout-flex\">\n<figure class=\"wp-block-image size-large\"><img loading=\"lazy\" decoding=\"async\" width=\"407\" height=\"255\" data-id=\"531\" src=\"https:\/\/rmann.ch\/wp-content\/uploads\/2021\/06\/artist1.png\" alt=\"\" class=\"wp-image-531\" srcset=\"https:\/\/rmann.ch\/wp-content\/uploads\/2021\/06\/artist1.png 407w, https:\/\/rmann.ch\/wp-content\/uploads\/2021\/06\/artist1-300x188.png 300w, https:\/\/rmann.ch\/wp-content\/uploads\/2021\/06\/artist1-96x60.png 96w\" sizes=\"auto, (max-width: 407px) 100vw, 407px\" \/><\/figure>\n\n\n\n<figure class=\"wp-block-image size-large\"><img loading=\"lazy\" decoding=\"async\" width=\"401\" height=\"259\" data-id=\"532\" src=\"https:\/\/rmann.ch\/wp-content\/uploads\/2021\/06\/Media2.png\" alt=\"\" class=\"wp-image-532\" srcset=\"https:\/\/rmann.ch\/wp-content\/uploads\/2021\/06\/Media2.png 401w, https:\/\/rmann.ch\/wp-content\/uploads\/2021\/06\/Media2-300x194.png 300w, https:\/\/rmann.ch\/wp-content\/uploads\/2021\/06\/Media2-93x60.png 93w\" sizes=\"auto, (max-width: 401px) 100vw, 401px\" \/><\/figure>\n\n\n\n<figure class=\"wp-block-image size-large\"><img loading=\"lazy\" decoding=\"async\" width=\"400\" height=\"256\" data-id=\"533\" src=\"https:\/\/rmann.ch\/wp-content\/uploads\/2021\/06\/artist2-1.png\" alt=\"\" class=\"wp-image-533\" srcset=\"https:\/\/rmann.ch\/wp-content\/uploads\/2021\/06\/artist2-1.png 400w, https:\/\/rmann.ch\/wp-content\/uploads\/2021\/06\/artist2-1-300x192.png 300w, https:\/\/rmann.ch\/wp-content\/uploads\/2021\/06\/artist2-1-94x60.png 94w\" sizes=\"auto, (max-width: 400px) 100vw, 400px\" \/><\/figure>\n\n\n\n<figure class=\"wp-block-image size-large\"><img loading=\"lazy\" decoding=\"async\" width=\"402\" height=\"255\" data-id=\"534\" src=\"https:\/\/rmann.ch\/wp-content\/uploads\/2021\/06\/Media1.png\" alt=\"\" class=\"wp-image-534\" srcset=\"https:\/\/rmann.ch\/wp-content\/uploads\/2021\/06\/Media1.png 402w, https:\/\/rmann.ch\/wp-content\/uploads\/2021\/06\/Media1-300x190.png 300w, https:\/\/rmann.ch\/wp-content\/uploads\/2021\/06\/Media1-95x60.png 95w\" sizes=\"auto, (max-width: 402px) 100vw, 402px\" \/><\/figure>\n<\/figure>\n\n\n\n<p>So \u00fcbergab Urs Eggenschwiler&nbsp;<strong>im Jahr 2011<\/strong>&nbsp;seinem Nachfolger Urs Hefti ein Unternehmen, das bereit f\u00fcr die Zukunft war.&nbsp;Die Liebe zur Kunst und zur Technik war f\u00fcr Urs Hefti ausschlaggebend, die \u00aemann&nbsp;Artist Fronten und die Produktlinie&nbsp;\u00aemann MediaTain&nbsp;zu entwickeln.&nbsp;<\/p>\n\n\n\n<p>Im Juli <strong>2024<\/strong>, wurde die Firma R\u00fcttimann AG mit der M\u00f6belfabrik Bl\u00e4uer AG fusioniert. Die \u00fcbernommene Gesellschaft wurde im Handelsregister gel\u00f6scht<br><\/p>\n\n\n\n<p>Die Mitarbeiter in Willisau verarbeiten mit Schweizer Pr\u00e4zision und Liebe zum Detail die hochwertigen Materialien zu einzigartigen Schr\u00e4nken auf Mass.<\/p>\n\n\n\n<p>Das kompetente Verkaufsteam garantiert die umfassende Beratung. In gleichen Geb\u00e4ude befindet sich auch eine 300 m2 grosse Schrank und Schlafzimmer Ausstellung, die auf Anfrage besichtigt werden kann.<\/p>\n","protected":false},"excerpt":{"rendered":"<p>1896&nbsp;gr\u00fcndet Peter R\u00fcttimann die Schreinerei R\u00fcttimann in Siebnen und beginnt als einer der Ersten mit der industriellen Serienproduktion \u2013 bei gleichzeitiger Wahrung der handwerklichen Sorgfalt f\u00fcr jedes einzelne M\u00f6belst\u00fcck. Bis heute ein Erfolgsrezept der&nbsp;R\u00fcttimann AG. In den 30er Jahren&nbsp;\u00fcbernimmt Peter R\u00fcttimann jun. die Aufgaben seines &hellip; <\/p>\n","protected":false},"author":2,"featured_media":0,"parent":0,"menu_order":0,"comment_status":"closed","ping_status":"closed","template":"","meta":{"footnotes":""},"class_list":["post-507","page","type-page","status-publish","hentry","latest_post"],"jetpack_sharing_enabled":true,"_links":{"self":[{"href":"https:\/\/rmann.ch\/index.php?rest_route=\/wp\/v2\/pages\/507","targetHints":{"allow":["GET"]}}],"collection":[{"href":"https:\/\/rmann.ch\/index.php?rest_route=\/wp\/v2\/pages"}],"about":[{"href":"https:\/\/rmann.ch\/index.php?rest_route=\/wp\/v2\/types\/page"}],"author":[{"embeddable":true,"href":"https:\/\/rmann.ch\/index.php?rest_route=\/wp\/v2\/users\/2"}],"replies":[{"embeddable":true,"href":"https:\/\/rmann.ch\/index.php?rest_route=%2Fwp%2Fv2%2Fcomments&post=507"}],"version-history":[{"count":4,"href":"https:\/\/rmann.ch\/index.php?rest_route=\/wp\/v2\/pages\/507\/revisions"}],"predecessor-version":[{"id":1028,"href":"https:\/\/rmann.ch\/index.php?rest_route=\/wp\/v2\/pages\/507\/revisions\/1028"}],"wp:attachment":[{"href":"https:\/\/rmann.ch\/index.php?rest_route=%2Fwp%2Fv2%2Fmedia&parent=507"}],"curies":[{"name":"wp","href":"https:\/\/api.w.org\/{rel}","templated":true}]}}