{"id":405,"date":"2021-06-10T13:03:26","date_gmt":"2021-06-10T13:03:26","guid":{"rendered":"https:\/\/archiv.fubo.ch\/?page_id=405"},"modified":"2021-06-21T10:05:18","modified_gmt":"2021-06-21T10:05:18","slug":"blenden","status":"publish","type":"page","link":"https:\/\/rmann.ch\/?page_id=405","title":{"rendered":"Blenden"},"content":{"rendered":"\n<figure class=\"wp-block-image size-medium\"><img loading=\"lazy\" decoding=\"async\" width=\"300\" height=\"225\" src=\"https:\/\/rmann.ch\/wp-content\/uploads\/2021\/06\/Blenden3-300x225.jpg\" alt=\"\" class=\"wp-image-407\" srcset=\"https:\/\/rmann.ch\/wp-content\/uploads\/2021\/06\/Blenden3-300x225.jpg 300w, https:\/\/rmann.ch\/wp-content\/uploads\/2021\/06\/Blenden3-768x576.jpg 768w, https:\/\/rmann.ch\/wp-content\/uploads\/2021\/06\/Blenden3-80x60.jpg 80w, https:\/\/rmann.ch\/wp-content\/uploads\/2021\/06\/Blenden3.jpg 1024w\" sizes=\"auto, (max-width: 300px) 100vw, 300px\" \/><\/figure>\n\n\n\n<p>Mit Blenden kann man unsere Schr\u00e4nke perfekt in Ihr Raumkonzept einpassen.<\/p>\n\n\n\n<p>Erh\u00e4ltlich zu allen Schr\u00e4nken.<\/p>\n\n\n\n<p>Lackiert&nbsp;in allen RAL\/NCS Farben oder furniert nach Auswahl.<\/p>\n\n\n\n<p>Andere auf Anfrage.<\/p>\n","protected":false},"excerpt":{"rendered":"<p>Mit Blenden kann man unsere Schr\u00e4nke perfekt in Ihr Raumkonzept einpassen. Erh\u00e4ltlich zu allen Schr\u00e4nken. Lackiert&nbsp;in allen RAL\/NCS Farben oder furniert nach Auswahl. Andere auf Anfrage.<\/p>\n","protected":false},"author":2,"featured_media":406,"parent":386,"menu_order":0,"comment_status":"closed","ping_status":"closed","template":"","meta":{"footnotes":""},"class_list":["post-405","page","type-page","status-publish","has-post-thumbnail","hentry","latest_post"],"jetpack_sharing_enabled":true,"_links":{"self":[{"href":"https:\/\/rmann.ch\/index.php?rest_route=\/wp\/v2\/pages\/405","targetHints":{"allow":["GET"]}}],"collection":[{"href":"https:\/\/rmann.ch\/index.php?rest_route=\/wp\/v2\/pages"}],"about":[{"href":"https:\/\/rmann.ch\/index.php?rest_route=\/wp\/v2\/types\/page"}],"author":[{"embeddable":true,"href":"https:\/\/rmann.ch\/index.php?rest_route=\/wp\/v2\/users\/2"}],"replies":[{"embeddable":true,"href":"https:\/\/rmann.ch\/index.php?rest_route=%2Fwp%2Fv2%2Fcomments&post=405"}],"version-history":[{"count":2,"href":"https:\/\/rmann.ch\/index.php?rest_route=\/wp\/v2\/pages\/405\/revisions"}],"predecessor-version":[{"id":902,"href":"https:\/\/rmann.ch\/index.php?rest_route=\/wp\/v2\/pages\/405\/revisions\/902"}],"up":[{"embeddable":true,"href":"https:\/\/rmann.ch\/index.php?rest_route=\/wp\/v2\/pages\/386"}],"wp:featuredmedia":[{"embeddable":true,"href":"https:\/\/rmann.ch\/index.php?rest_route=\/wp\/v2\/media\/406"}],"wp:attachment":[{"href":"https:\/\/rmann.ch\/index.php?rest_route=%2Fwp%2Fv2%2Fmedia&parent=405"}],"curies":[{"name":"wp","href":"https:\/\/api.w.org\/{rel}","templated":true}]}}