{"id":399,"date":"2021-06-10T12:58:08","date_gmt":"2021-06-10T12:58:08","guid":{"rendered":"https:\/\/archiv.fubo.ch\/?page_id=399"},"modified":"2021-06-21T09:38:09","modified_gmt":"2021-06-21T09:38:09","slug":"aussensichtseite","status":"publish","type":"page","link":"https:\/\/rmann.ch\/?page_id=399","title":{"rendered":"Sichtaussenseite"},"content":{"rendered":"\n<p>\u201eDas T\u00fcpfchelchen auf dem i\u201c<\/p>\n\n\n\n<p>Veredelt den Schrank nochmals auf eine ganz weiche Art.<\/p>\n\n\n\n<p>Erh\u00e4ltlich zu allen Dreht\u00fcrenschr\u00e4nken.<\/p>\n\n\n\n<p>Lackiert&nbsp;in allen RAL\/NCS Farben oder furniert nach Auswahl.<\/p>\n\n\n\n<p>Andere auf Anfrage.<\/p>\n\n\n\n<p><\/p>\n","protected":false},"excerpt":{"rendered":"<p>\u201eDas T\u00fcpfchelchen auf dem i\u201c Veredelt den Schrank nochmals auf eine ganz weiche Art. Erh\u00e4ltlich zu allen Dreht\u00fcrenschr\u00e4nken. Lackiert&nbsp;in allen RAL\/NCS Farben oder furniert nach Auswahl. Andere auf Anfrage.<\/p>\n","protected":false},"author":2,"featured_media":400,"parent":386,"menu_order":0,"comment_status":"closed","ping_status":"closed","template":"","meta":{"footnotes":""},"class_list":["post-399","page","type-page","status-publish","has-post-thumbnail","hentry","latest_post"],"jetpack_sharing_enabled":true,"_links":{"self":[{"href":"https:\/\/rmann.ch\/index.php?rest_route=\/wp\/v2\/pages\/399","targetHints":{"allow":["GET"]}}],"collection":[{"href":"https:\/\/rmann.ch\/index.php?rest_route=\/wp\/v2\/pages"}],"about":[{"href":"https:\/\/rmann.ch\/index.php?rest_route=\/wp\/v2\/types\/page"}],"author":[{"embeddable":true,"href":"https:\/\/rmann.ch\/index.php?rest_route=\/wp\/v2\/users\/2"}],"replies":[{"embeddable":true,"href":"https:\/\/rmann.ch\/index.php?rest_route=%2Fwp%2Fv2%2Fcomments&post=399"}],"version-history":[{"count":2,"href":"https:\/\/rmann.ch\/index.php?rest_route=\/wp\/v2\/pages\/399\/revisions"}],"predecessor-version":[{"id":887,"href":"https:\/\/rmann.ch\/index.php?rest_route=\/wp\/v2\/pages\/399\/revisions\/887"}],"up":[{"embeddable":true,"href":"https:\/\/rmann.ch\/index.php?rest_route=\/wp\/v2\/pages\/386"}],"wp:featuredmedia":[{"embeddable":true,"href":"https:\/\/rmann.ch\/index.php?rest_route=\/wp\/v2\/media\/400"}],"wp:attachment":[{"href":"https:\/\/rmann.ch\/index.php?rest_route=%2Fwp%2Fv2%2Fmedia&parent=399"}],"curies":[{"name":"wp","href":"https:\/\/api.w.org\/{rel}","templated":true}]}}