{"id":310,"date":"2021-06-09T14:17:20","date_gmt":"2021-06-09T14:17:20","guid":{"rendered":"https:\/\/archiv.fubo.ch\/?page_id=310"},"modified":"2021-06-09T14:17:20","modified_gmt":"2021-06-09T14:17:20","slug":"ascona","status":"publish","type":"page","link":"https:\/\/rmann.ch\/?page_id=310","title":{"rendered":"Ascona"},"content":{"rendered":"\n<figure class=\"wp-block-gallery columns-2 is-cropped wp-block-gallery-1 is-layout-flex wp-block-gallery-is-layout-flex\"><ul class=\"blocks-gallery-grid\"><li class=\"blocks-gallery-item\"><figure><img loading=\"lazy\" decoding=\"async\" width=\"930\" height=\"580\" src=\"https:\/\/rmann.ch\/wp-content\/uploads\/2021\/06\/ascona_furniert-1-1.jpg\" alt=\"\" data-id=\"311\" data-link=\"https:\/\/rmann.ch\/?attachment_id=311\" class=\"wp-image-311\" srcset=\"https:\/\/rmann.ch\/wp-content\/uploads\/2021\/06\/ascona_furniert-1-1.jpg 930w, https:\/\/rmann.ch\/wp-content\/uploads\/2021\/06\/ascona_furniert-1-1-300x187.jpg 300w, https:\/\/rmann.ch\/wp-content\/uploads\/2021\/06\/ascona_furniert-1-1-768x479.jpg 768w, https:\/\/rmann.ch\/wp-content\/uploads\/2021\/06\/ascona_furniert-1-1-96x60.jpg 96w\" sizes=\"auto, (max-width: 930px) 100vw, 930px\" \/><\/figure><\/li><li class=\"blocks-gallery-item\"><figure><img loading=\"lazy\" decoding=\"async\" width=\"689\" height=\"430\" src=\"https:\/\/rmann.ch\/wp-content\/uploads\/2021\/06\/ascona-689-x-430.jpg\" alt=\"\" data-id=\"313\" data-link=\"https:\/\/rmann.ch\/?attachment_id=313\" class=\"wp-image-313\" srcset=\"https:\/\/rmann.ch\/wp-content\/uploads\/2021\/06\/ascona-689-x-430.jpg 689w, https:\/\/rmann.ch\/wp-content\/uploads\/2021\/06\/ascona-689-x-430-300x187.jpg 300w, https:\/\/rmann.ch\/wp-content\/uploads\/2021\/06\/ascona-689-x-430-96x60.jpg 96w\" sizes=\"auto, (max-width: 689px) 100vw, 689px\" \/><\/figure><\/li><\/ul><\/figure>\n\n\n\n<p>\u2026 Frontenwechsel. Auf zu neuen Ufern:<br>Denken Sie doch mal \u00fcber einen Wechsel Ihrer Schrankfronten nach. Die Schiebet\u00fcren aus Glas<br>gibt es sowohl in der gl\u00e4nzenden als auch in der matten Version \u2013 ganz nach Ihrem Geschmack.<\/p>\n\n\n\n<p>Inspiration<\/p>\n\n\n\n<p>Die Kombination mit stilvollem Eichenfurnier<br>ist eine weitere, spannende Variante.<\/p>\n\n\n\n<p><strong>Front<\/strong>&nbsp;Glas in allen RAL und NCS-Farben<\/p>\n\n\n\n<p><strong>Korpus<\/strong>&nbsp;In allen RAL und NCS-Farben<\/p>\n\n\n\n<p><strong>Innen<\/strong>&nbsp;Weiss<\/p>\n\n\n\n<p>Masse<\/p>\n\n\n\n<figure class=\"wp-block-table\"><table><tbody><tr><td><strong>H\u00f6he<\/strong><\/td><td>bis 242 cm<\/td><\/tr><tr><td><strong>Tiefe<\/strong><\/td><td>bis 68 cm<\/td><\/tr><tr><td><strong>Breite<\/strong><\/td><td>variabel<\/td><\/tr><\/tbody><\/table><\/figure>\n\n\n\n<p>Hier geht\u2019s zu unseren Preislisten<\/p>\n\n\n\n<figure class=\"wp-block-image size-medium\"><img loading=\"lazy\" decoding=\"async\" width=\"300\" height=\"121\" src=\"https:\/\/rmann.ch\/wp-content\/uploads\/2021\/05\/Preislisten-alle-300x121.png\" alt=\"\" class=\"wp-image-137\" srcset=\"https:\/\/rmann.ch\/wp-content\/uploads\/2021\/05\/Preislisten-alle-300x121.png 300w, https:\/\/rmann.ch\/wp-content\/uploads\/2021\/05\/Preislisten-alle-148x60.png 148w, https:\/\/rmann.ch\/wp-content\/uploads\/2021\/05\/Preislisten-alle.png 675w\" sizes=\"auto, (max-width: 300px) 100vw, 300px\" \/><\/figure>\n","protected":false},"excerpt":{"rendered":"<p>\u2026 Frontenwechsel. Auf zu neuen Ufern:Denken Sie doch mal \u00fcber einen Wechsel Ihrer Schrankfronten nach. Die Schiebet\u00fcren aus Glasgibt es sowohl in der gl\u00e4nzenden als auch in der matten Version \u2013 ganz nach Ihrem Geschmack. Inspiration Die Kombination mit stilvollem Eichenfurnierist eine weitere, spannende Variante. &hellip; <\/p>\n","protected":false},"author":2,"featured_media":313,"parent":293,"menu_order":0,"comment_status":"closed","ping_status":"closed","template":"","meta":{"footnotes":""},"class_list":["post-310","page","type-page","status-publish","has-post-thumbnail","hentry","latest_post"],"jetpack_sharing_enabled":true,"_links":{"self":[{"href":"https:\/\/rmann.ch\/index.php?rest_route=\/wp\/v2\/pages\/310","targetHints":{"allow":["GET"]}}],"collection":[{"href":"https:\/\/rmann.ch\/index.php?rest_route=\/wp\/v2\/pages"}],"about":[{"href":"https:\/\/rmann.ch\/index.php?rest_route=\/wp\/v2\/types\/page"}],"author":[{"embeddable":true,"href":"https:\/\/rmann.ch\/index.php?rest_route=\/wp\/v2\/users\/2"}],"replies":[{"embeddable":true,"href":"https:\/\/rmann.ch\/index.php?rest_route=%2Fwp%2Fv2%2Fcomments&post=310"}],"version-history":[{"count":1,"href":"https:\/\/rmann.ch\/index.php?rest_route=\/wp\/v2\/pages\/310\/revisions"}],"predecessor-version":[{"id":315,"href":"https:\/\/rmann.ch\/index.php?rest_route=\/wp\/v2\/pages\/310\/revisions\/315"}],"up":[{"embeddable":true,"href":"https:\/\/rmann.ch\/index.php?rest_route=\/wp\/v2\/pages\/293"}],"wp:featuredmedia":[{"embeddable":true,"href":"https:\/\/rmann.ch\/index.php?rest_route=\/wp\/v2\/media\/313"}],"wp:attachment":[{"href":"https:\/\/rmann.ch\/index.php?rest_route=%2Fwp%2Fv2%2Fmedia&parent=310"}],"curies":[{"name":"wp","href":"https:\/\/api.w.org\/{rel}","templated":true}]}}