{"id":259,"date":"2021-06-09T08:17:43","date_gmt":"2021-06-09T08:17:43","guid":{"rendered":"https:\/\/archiv.fubo.ch\/?page_id=259"},"modified":"2026-04-17T10:03:17","modified_gmt":"2026-04-17T10:03:17","slug":"rio","status":"publish","type":"page","link":"https:\/\/rmann.ch\/?page_id=259","title":{"rendered":"Rio"},"content":{"rendered":"\n<figure class=\"wp-block-gallery has-nested-images columns-2 is-cropped wp-block-gallery-1 is-layout-flex wp-block-gallery-is-layout-flex\">\n<figure class=\"wp-block-image size-large\"><img loading=\"lazy\" decoding=\"async\" width=\"710\" height=\"1024\" data-id=\"1056\" src=\"https:\/\/rmann.ch\/wp-content\/uploads\/2026\/04\/Rio1-2-710x1024.jpg\" alt=\"\" class=\"wp-image-1056\" srcset=\"https:\/\/rmann.ch\/wp-content\/uploads\/2026\/04\/Rio1-2-710x1024.jpg 710w, https:\/\/rmann.ch\/wp-content\/uploads\/2026\/04\/Rio1-2-208x300.jpg 208w, https:\/\/rmann.ch\/wp-content\/uploads\/2026\/04\/Rio1-2-768x1108.jpg 768w, https:\/\/rmann.ch\/wp-content\/uploads\/2026\/04\/Rio1-2-42x60.jpg 42w, https:\/\/rmann.ch\/wp-content\/uploads\/2026\/04\/Rio1-2.jpg 908w\" sizes=\"auto, (max-width: 710px) 100vw, 710px\" \/><\/figure>\n\n\n\n<figure class=\"wp-block-image size-large\"><img loading=\"lazy\" decoding=\"async\" width=\"929\" height=\"1024\" data-id=\"1054\" src=\"https:\/\/rmann.ch\/wp-content\/uploads\/2026\/04\/Rio1-1-929x1024.jpg\" alt=\"\" class=\"wp-image-1054\" srcset=\"https:\/\/rmann.ch\/wp-content\/uploads\/2026\/04\/Rio1-1-929x1024.jpg 929w, https:\/\/rmann.ch\/wp-content\/uploads\/2026\/04\/Rio1-1-272x300.jpg 272w, https:\/\/rmann.ch\/wp-content\/uploads\/2026\/04\/Rio1-1-768x846.jpg 768w, https:\/\/rmann.ch\/wp-content\/uploads\/2026\/04\/Rio1-1-54x60.jpg 54w, https:\/\/rmann.ch\/wp-content\/uploads\/2026\/04\/Rio1-1.jpg 940w\" sizes=\"auto, (max-width: 929px) 100vw, 929px\" \/><\/figure>\n<\/figure>\n\n\n\n<p>\u2026 formvollendet. Die Essenz aus Form und Farbe: Klare Linien und eine logische Struktur fesseln das Auge und beruhigen die Sinne. Hier ist alles genau am richtigen Platz \u2013 ein sch\u00f6nes Gef\u00fchl.<\/p>\n\n\n\n<p>Ausstellung Model 4 T\u00fcre \u2013 Push System<\/p>\n\n\n\n<p>Der Katalog Preis ist 3\u2019930,- CHF<\/p>\n\n\n\n<p>Rabatt 60%<\/p>\n\n\n\n<p>Preis 1\u2019580 ,- CHF<\/p>\n\n\n\n<p><strong>Ab Ausstellung<br>Demontage und Lieferung durch K\u00e4ufer<\/strong><\/p>\n\n\n\n<p><\/p>\n\n\n\n<p><\/p>\n\n\n\n<h3 class=\"wp-block-heading\">Masse<\/h3>\n\n\n\n<figure class=\"wp-block-table\"><table><tbody><tr><td><strong>H\u00f6he<\/strong><\/td><td>242 cm<\/td><\/tr><tr><td><strong>Tiefe<\/strong><\/td><td> 60 cm<\/td><\/tr><tr><td><strong>Breite<\/strong><\/td><td>194 cm<\/td><\/tr><\/tbody><\/table><\/figure>\n","protected":false},"excerpt":{"rendered":"<p>\u2026 formvollendet. Die Essenz aus Form und Farbe: Klare Linien und eine logische Struktur fesseln das Auge und beruhigen die Sinne. Hier ist alles genau am richtigen Platz \u2013 ein sch\u00f6nes Gef\u00fchl. Ausstellung Model 4 T\u00fcre \u2013 Push System Der Katalog Preis ist 3\u2019930,- CHF &hellip; <\/p>\n","protected":false},"author":2,"featured_media":0,"parent":245,"menu_order":0,"comment_status":"closed","ping_status":"closed","template":"","meta":{"footnotes":""},"class_list":["post-259","page","type-page","status-publish","hentry","latest_post"],"jetpack_sharing_enabled":true,"_links":{"self":[{"href":"https:\/\/rmann.ch\/index.php?rest_route=\/wp\/v2\/pages\/259","targetHints":{"allow":["GET"]}}],"collection":[{"href":"https:\/\/rmann.ch\/index.php?rest_route=\/wp\/v2\/pages"}],"about":[{"href":"https:\/\/rmann.ch\/index.php?rest_route=\/wp\/v2\/types\/page"}],"author":[{"embeddable":true,"href":"https:\/\/rmann.ch\/index.php?rest_route=\/wp\/v2\/users\/2"}],"replies":[{"embeddable":true,"href":"https:\/\/rmann.ch\/index.php?rest_route=%2Fwp%2Fv2%2Fcomments&post=259"}],"version-history":[{"count":4,"href":"https:\/\/rmann.ch\/index.php?rest_route=\/wp\/v2\/pages\/259\/revisions"}],"predecessor-version":[{"id":1057,"href":"https:\/\/rmann.ch\/index.php?rest_route=\/wp\/v2\/pages\/259\/revisions\/1057"}],"up":[{"embeddable":true,"href":"https:\/\/rmann.ch\/index.php?rest_route=\/wp\/v2\/pages\/245"}],"wp:attachment":[{"href":"https:\/\/rmann.ch\/index.php?rest_route=%2Fwp%2Fv2%2Fmedia&parent=259"}],"curies":[{"name":"wp","href":"https:\/\/api.w.org\/{rel}","templated":true}]}}