{"id":225,"date":"2021-06-08T12:25:30","date_gmt":"2021-06-08T12:25:30","guid":{"rendered":"https:\/\/archiv.fubo.ch\/?page_id=225"},"modified":"2026-04-17T09:00:07","modified_gmt":"2026-04-17T09:00:07","slug":"isone","status":"publish","type":"page","link":"https:\/\/rmann.ch\/?page_id=225","title":{"rendered":"Isone"},"content":{"rendered":"\n<figure class=\"wp-block-gallery has-nested-images columns-2 is-cropped wp-block-gallery-1 is-layout-flex wp-block-gallery-is-layout-flex\">\n<figure class=\"wp-block-image size-large\"><img loading=\"lazy\" decoding=\"async\" width=\"689\" height=\"430\" data-id=\"224\" src=\"https:\/\/rmann.ch\/wp-content\/uploads\/2021\/06\/fotoschrank_isone_eiffel-689-x-430-1.jpg\" alt=\"\" class=\"wp-image-224\" srcset=\"https:\/\/rmann.ch\/wp-content\/uploads\/2021\/06\/fotoschrank_isone_eiffel-689-x-430-1.jpg 689w, https:\/\/rmann.ch\/wp-content\/uploads\/2021\/06\/fotoschrank_isone_eiffel-689-x-430-1-300x187.jpg 300w, https:\/\/rmann.ch\/wp-content\/uploads\/2021\/06\/fotoschrank_isone_eiffel-689-x-430-1-96x60.jpg 96w\" sizes=\"auto, (max-width: 689px) 100vw, 689px\" \/><\/figure>\n<\/figure>\n\n\n\n<p>Schlicht und ergreifend \u2026 sch\u00f6n! Beim Glas f\u00fcr die Fronten k\u00f6nnen Sie zwischen der matten und der gl\u00e4nzenden Ausf\u00fchrung w\u00e4hlen. Ein Tipp f\u00fcr die Gestaltung: Mixen Sie doch einfach unterschiedliche T\u00fcrbreiten \u2013 Sie werden staunen, welche aufregenden Ansichten so entstehen.<\/p>\n\n\n\n<p>Ausstellung Model 5 T\u00fcre \u2013 Front: Glas Fotoeffekt  &#8211; Korpus weiss<\/p>\n\n\n\n<p>Der Katalog Preis ist 8&#8217;930,- CHF<\/p>\n\n\n\n<p>Rabatt 70%<\/p>\n\n\n\n<p>Preis 2\u2019680,- CHF<\/p>\n\n\n\n<p><strong>Ab Ausstellung<br>Demontage und Lieferung durch K\u00e4ufer<\/strong><\/p>\n\n\n\n<p><\/p>\n\n\n\n<h3 class=\"wp-block-heading\">Masse<\/h3>\n\n\n\n<figure class=\"wp-block-table\"><table><tbody><tr><td><strong>H\u00f6he<\/strong><\/td><td>226 cm<\/td><\/tr><tr><td><strong>Tiefe<\/strong><\/td><td>  60 cm<\/td><\/tr><tr><td><strong>Breite<\/strong><\/td><td>242 cm<\/td><\/tr><\/tbody><\/table><\/figure>\n","protected":false},"excerpt":{"rendered":"<p>Schlicht und ergreifend \u2026 sch\u00f6n! Beim Glas f\u00fcr die Fronten k\u00f6nnen Sie zwischen der matten und der gl\u00e4nzenden Ausf\u00fchrung w\u00e4hlen. Ein Tipp f\u00fcr die Gestaltung: Mixen Sie doch einfach unterschiedliche T\u00fcrbreiten \u2013 Sie werden staunen, welche aufregenden Ansichten so entstehen. Ausstellung Model 5 T\u00fcre \u2013 &hellip; <\/p>\n","protected":false},"author":2,"featured_media":0,"parent":245,"menu_order":0,"comment_status":"closed","ping_status":"closed","template":"","meta":{"footnotes":""},"class_list":["post-225","page","type-page","status-publish","hentry","latest_post"],"jetpack_sharing_enabled":true,"_links":{"self":[{"href":"https:\/\/rmann.ch\/index.php?rest_route=\/wp\/v2\/pages\/225","targetHints":{"allow":["GET"]}}],"collection":[{"href":"https:\/\/rmann.ch\/index.php?rest_route=\/wp\/v2\/pages"}],"about":[{"href":"https:\/\/rmann.ch\/index.php?rest_route=\/wp\/v2\/types\/page"}],"author":[{"embeddable":true,"href":"https:\/\/rmann.ch\/index.php?rest_route=\/wp\/v2\/users\/2"}],"replies":[{"embeddable":true,"href":"https:\/\/rmann.ch\/index.php?rest_route=%2Fwp%2Fv2%2Fcomments&post=225"}],"version-history":[{"count":5,"href":"https:\/\/rmann.ch\/index.php?rest_route=\/wp\/v2\/pages\/225\/revisions"}],"predecessor-version":[{"id":1052,"href":"https:\/\/rmann.ch\/index.php?rest_route=\/wp\/v2\/pages\/225\/revisions\/1052"}],"up":[{"embeddable":true,"href":"https:\/\/rmann.ch\/index.php?rest_route=\/wp\/v2\/pages\/245"}],"wp:attachment":[{"href":"https:\/\/rmann.ch\/index.php?rest_route=%2Fwp%2Fv2%2Fmedia&parent=225"}],"curies":[{"name":"wp","href":"https:\/\/api.w.org\/{rel}","templated":true}]}}