{"id":214,"date":"2021-06-08T12:04:43","date_gmt":"2021-06-08T12:04:43","guid":{"rendered":"https:\/\/archiv.fubo.ch\/?page_id=214"},"modified":"2026-04-17T08:42:26","modified_gmt":"2026-04-17T08:42:26","slug":"como","status":"publish","type":"page","link":"https:\/\/rmann.ch\/?page_id=214","title":{"rendered":"Como"},"content":{"rendered":"\n<figure class=\"wp-block-gallery has-nested-images columns-default is-cropped wp-block-gallery-1 is-layout-flex wp-block-gallery-is-layout-flex\">\n<figure class=\"wp-block-image size-full\"><img loading=\"lazy\" decoding=\"async\" width=\"1024\" height=\"965\" data-id=\"95\" src=\"https:\/\/rmann.ch\/wp-content\/uploads\/2021\/05\/Como-1-1024x965-1.jpg\" alt=\"\" class=\"wp-image-95\" srcset=\"https:\/\/rmann.ch\/wp-content\/uploads\/2021\/05\/Como-1-1024x965-1.jpg 1024w, https:\/\/rmann.ch\/wp-content\/uploads\/2021\/05\/Como-1-1024x965-1-300x283.jpg 300w, https:\/\/rmann.ch\/wp-content\/uploads\/2021\/05\/Como-1-1024x965-1-768x724.jpg 768w, https:\/\/rmann.ch\/wp-content\/uploads\/2021\/05\/Como-1-1024x965-1-64x60.jpg 64w\" sizes=\"auto, (max-width: 1024px) 100vw, 1024px\" \/><figcaption class=\"wp-element-caption\">Como<\/figcaption><\/figure>\n<\/figure>\n\n\n\n<p>Klassisch sch\u00f6n: Beim Anblick einer solchen Schrankfront schlagen die Herzen aller Romantiker h\u00f6her.<\/p>\n\n\n\n<p>Ausstellung Model 6 T\u00fcre &#8211; Golden Griffe<\/p>\n\n\n\n<p>Der Katalog Preis ist 6&#8217;800,- CHF<\/p>\n\n\n\n<p>Rabatt 70%<\/p>\n\n\n\n<p>Preis 2&#8217;040 ,- CHF    <\/p>\n\n\n\n<p><strong>Ab Ausstellung<br>Demontage und Lieferung durch K\u00e4ufer<\/strong><\/p>\n\n\n\n<p><\/p>\n\n\n\n<p><\/p>\n\n\n\n<h3 class=\"wp-block-heading\">Masse<\/h3>\n\n\n\n<figure class=\"wp-block-table\"><table><tbody><tr><td><strong>H\u00f6he<\/strong><\/td><td>226 cm <\/td><\/tr><tr><td>Breite<\/td><td>292 cm<\/td><\/tr><tr><td><strong>Tiefe<\/strong><\/td><td>60 cm<\/td><\/tr><\/tbody><\/table><\/figure>\n","protected":false},"excerpt":{"rendered":"<p>Klassisch sch\u00f6n: Beim Anblick einer solchen Schrankfront schlagen die Herzen aller Romantiker h\u00f6her. Ausstellung Model 6 T\u00fcre &#8211; Golden Griffe Der Katalog Preis ist 6&#8217;800,- CHF Rabatt 70% Preis 2&#8217;040 ,- CHF Ab AusstellungDemontage und Lieferung durch K\u00e4ufer Masse H\u00f6he 226 cm Breite 292 cm &hellip; <\/p>\n","protected":false},"author":2,"featured_media":0,"parent":245,"menu_order":0,"comment_status":"closed","ping_status":"closed","template":"","meta":{"footnotes":""},"class_list":["post-214","page","type-page","status-publish","hentry","latest_post"],"jetpack_sharing_enabled":true,"_links":{"self":[{"href":"https:\/\/rmann.ch\/index.php?rest_route=\/wp\/v2\/pages\/214","targetHints":{"allow":["GET"]}}],"collection":[{"href":"https:\/\/rmann.ch\/index.php?rest_route=\/wp\/v2\/pages"}],"about":[{"href":"https:\/\/rmann.ch\/index.php?rest_route=\/wp\/v2\/types\/page"}],"author":[{"embeddable":true,"href":"https:\/\/rmann.ch\/index.php?rest_route=\/wp\/v2\/users\/2"}],"replies":[{"embeddable":true,"href":"https:\/\/rmann.ch\/index.php?rest_route=%2Fwp%2Fv2%2Fcomments&post=214"}],"version-history":[{"count":5,"href":"https:\/\/rmann.ch\/index.php?rest_route=\/wp\/v2\/pages\/214\/revisions"}],"predecessor-version":[{"id":1050,"href":"https:\/\/rmann.ch\/index.php?rest_route=\/wp\/v2\/pages\/214\/revisions\/1050"}],"up":[{"embeddable":true,"href":"https:\/\/rmann.ch\/index.php?rest_route=\/wp\/v2\/pages\/245"}],"wp:attachment":[{"href":"https:\/\/rmann.ch\/index.php?rest_route=%2Fwp%2Fv2%2Fmedia&parent=214"}],"curies":[{"name":"wp","href":"https:\/\/api.w.org\/{rel}","templated":true}]}}